{"id":79,"date":"2024-11-07T09:46:09","date_gmt":"2024-11-07T09:46:09","guid":{"rendered":"https:\/\/dev.hundefinca-hattingen.de\/?page_id=79"},"modified":"2024-11-07T09:47:01","modified_gmt":"2024-11-07T09:47:01","slug":"impressum","status":"publish","type":"page","link":"https:\/\/hundefinca-hattingen.de\/?page_id=79","title":{"rendered":"Impressum"},"content":{"rendered":"\n<p><strong>Martina Luppner<\/strong><\/p>\n\n\n\n<p>An der Becke 14<br>45527 Hattingen<\/p>\n\n\n\n<p>02324 \u2013 34 44 304<br><a href=\"http:\/\/hundefinca-hattingen.de\/\">www.hundefinca-hattingen.de<\/a><\/p>\n\n\n\n<p><strong>Inhaber<\/strong>&nbsp;Martina Luppner<\/p>\n\n\n\n<h2 class=\"wp-block-heading\">Rechtshinweis<\/h2>\n\n\n\n<p>F\u00fcr den Inhalt dieser Seite verantwortlich ist Martina Luppner.<\/p>\n\n\n\n<p>Haftungshinweis: Trotz sorgf\u00e4ltiger inhaltlicher Kontrolle und st\u00e4ndiger Aktualisierung der Infos auf dieser Webseite k\u00f6nnen sich die Daten in der Zwischenzeit ver\u00e4ndert haben. Eine Garantie f\u00fcr die Aktualit\u00e4t, Richtigkeit und Vollst\u00e4ndigkeit der zur Verf\u00fcgung gestellen Informationen kann ich daher nicht \u00fcbernehmen.<\/p>\n\n\n\n<h2 class=\"wp-block-heading\">Entwicklung &amp; Hosting<\/h2>\n\n\n\n<p>NETMOUNTAINS Group GmbH<br>Industriestra\u00dfe 76<br>42551 Velbert<\/p>\n\n\n\n<p><a href=\"https:\/\/netmountains.de\/\">www.netmountains.de<\/a><\/p>\n\n\n\n<p><\/p>\n","protected":false},"excerpt":{"rendered":"<p>Martina Luppner An der Becke 1445527 Hattingen 02324 \u2013 34 44 304www.hundefinca-hattingen.de Inhaber&nbsp;Martina Luppner Rechtshinweis F\u00fcr den Inhalt dieser Seite verantwortlich ist Martina Luppner. Haftungshinweis: Trotz sorgf\u00e4ltiger inhaltlicher Kontrolle und st\u00e4ndiger Aktualisierung der Infos auf dieser Webseite k\u00f6nnen sich die Daten in der Zwischenzeit ver\u00e4ndert haben. Eine Garantie f\u00fcr die Aktualit\u00e4t, Richtigkeit und Vollst\u00e4ndigkeit der [&hellip;]<\/p>\n","protected":false},"author":1,"featured_media":0,"parent":0,"menu_order":0,"comment_status":"closed","ping_status":"closed","template":"","meta":{"footnotes":""},"class_list":["post-79","page","type-page","status-publish","hentry"],"_links":{"self":[{"href":"https:\/\/hundefinca-hattingen.de\/index.php?rest_route=\/wp\/v2\/pages\/79","targetHints":{"allow":["GET"]}}],"collection":[{"href":"https:\/\/hundefinca-hattingen.de\/index.php?rest_route=\/wp\/v2\/pages"}],"about":[{"href":"https:\/\/hundefinca-hattingen.de\/index.php?rest_route=\/wp\/v2\/types\/page"}],"author":[{"embeddable":true,"href":"https:\/\/hundefinca-hattingen.de\/index.php?rest_route=\/wp\/v2\/users\/1"}],"replies":[{"embeddable":true,"href":"https:\/\/hundefinca-hattingen.de\/index.php?rest_route=%2Fwp%2Fv2%2Fcomments&post=79"}],"version-history":[{"count":3,"href":"https:\/\/hundefinca-hattingen.de\/index.php?rest_route=\/wp\/v2\/pages\/79\/revisions"}],"predecessor-version":[{"id":82,"href":"https:\/\/hundefinca-hattingen.de\/index.php?rest_route=\/wp\/v2\/pages\/79\/revisions\/82"}],"wp:attachment":[{"href":"https:\/\/hundefinca-hattingen.de\/index.php?rest_route=%2Fwp%2Fv2%2Fmedia&parent=79"}],"curies":[{"name":"wp","href":"https:\/\/api.w.org\/{rel}","templated":true}]}}